{"id":209,"date":"2023-05-26T09:52:17","date_gmt":"2023-05-26T07:52:17","guid":{"rendered":"https:\/\/www.citadinesconfluentnantes.com\/?page_id=209"},"modified":"2023-05-26T09:59:34","modified_gmt":"2023-05-26T07:59:34","slug":"nantes-destination","status":"publish","type":"page","link":"https:\/\/www.citadinesconfluentnantes.com\/en\/nantes-destination\/","title":{"rendered":"Nantes destination"},"content":{"rendered":"<p style=\"text-align: center;\">Discover the jewels of Nante&#8217;s heritage. Enjoy unique experiences. Here&#8217;s what&#8217;s on offer! The city of the Dukes of Brittany will delight both young and old as well as lovers of history and travellers who love quirky places friendly atmospheres.<\/p>\n<p style=\"text-align: center;\">The Ch\u00e2teau des ducs de Bretagne, the Bouffay district, the Machines de l&#8217;\u00cele, the poetic Trentemoult district, the Voyages \u00e0 Nantes artistic itinerary, unique activities: inspiration is always waiting.<\/p>\n","protected":false},"excerpt":{"rendered":"<p>Discover the jewels of Nante&#8217;s heritage. Enjoy unique experiences. Here&#8217;s what&#8217;s on offer! The city of the Dukes of Brittany will delight both young and old as well as lovers of history and travellers who love quirky places friendly atmospheres. The Ch\u00e2teau des ducs de Bretagne, the Bouffay district, the Machines de l&#8217;\u00cele, the poetic [&hellip;]<\/p>\n","protected":false},"author":15,"featured_media":0,"parent":0,"menu_order":0,"comment_status":"closed","ping_status":"closed","template":"template-default-3.php","meta":{"footnotes":""},"class_list":["post-209","page","type-page","status-publish","hentry"],"yoast_head":"<!-- This site is optimized with the Yoast SEO plugin v26.9 - https:\/\/yoast.com\/product\/yoast-seo-wordpress\/ -->\n<title>Visits to Nantes | Citadines Confluent Nantes Aparthotel<\/title>\n<meta name=\"description\" content=\"Our aparthotel is perfect for tourism in Nantes. Visit the city and beyond while staying at the Citadines Confluent Nantes Aparthotel.\" \/>\n<meta name=\"robots\" content=\"index, follow, max-snippet:-1, max-image-preview:large, max-video-preview:-1\" \/>\n<link rel=\"canonical\" href=\"https:\/\/www.citadinesconfluentnantes.com\/en\/nantes-destination\/\" \/>\n<meta property=\"og:locale\" content=\"en_US\" \/>\n<meta property=\"og:type\" content=\"article\" \/>\n<meta property=\"og:title\" content=\"Visits to Nantes | Citadines Confluent Nantes Aparthotel\" \/>\n<meta property=\"og:description\" content=\"Our aparthotel is perfect for tourism in Nantes. Visit the city and beyond while staying at the Citadines Confluent Nantes Aparthotel.\" \/>\n<meta property=\"og:url\" content=\"https:\/\/www.citadinesconfluentnantes.com\/en\/nantes-destination\/\" \/>\n<meta property=\"og:site_name\" content=\"Citadines Nantes\" \/>\n<meta property=\"article:modified_time\" content=\"2023-05-26T07:59:34+00:00\" \/>\n<meta name=\"twitter:card\" content=\"summary_large_image\" \/>\n<meta name=\"twitter:label1\" content=\"Est. reading time\" \/>\n\t<meta name=\"twitter:data1\" content=\"1 minute\" \/>\n<script type=\"application\/ld+json\" class=\"yoast-schema-graph\">{\"@context\":\"https:\/\/schema.org\",\"@graph\":[{\"@type\":\"WebPage\",\"@id\":\"https:\/\/www.citadinesconfluentnantes.com\/en\/nantes-destination\/\",\"url\":\"https:\/\/www.citadinesconfluentnantes.com\/en\/nantes-destination\/\",\"name\":\"Visits to Nantes | Citadines Confluent Nantes Aparthotel\",\"isPartOf\":{\"@id\":\"https:\/\/www.citadinesconfluentnantes.com\/en\/#website\"},\"datePublished\":\"2023-05-26T07:52:17+00:00\",\"dateModified\":\"2023-05-26T07:59:34+00:00\",\"description\":\"Our aparthotel is perfect for tourism in Nantes. Visit the city and beyond while staying at the Citadines Confluent Nantes Aparthotel.\",\"breadcrumb\":{\"@id\":\"https:\/\/www.citadinesconfluentnantes.com\/en\/nantes-destination\/#breadcrumb\"},\"inLanguage\":\"en-US\",\"potentialAction\":[{\"@type\":\"ReadAction\",\"target\":[\"https:\/\/www.citadinesconfluentnantes.com\/en\/nantes-destination\/\"]}]},{\"@type\":\"BreadcrumbList\",\"@id\":\"https:\/\/www.citadinesconfluentnantes.com\/en\/nantes-destination\/#breadcrumb\",\"itemListElement\":[{\"@type\":\"ListItem\",\"position\":1,\"name\":\"Accueil\",\"item\":\"https:\/\/www.citadinesconfluentnantes.com\/en\/\"},{\"@type\":\"ListItem\",\"position\":2,\"name\":\"Nantes destination\"}]},{\"@type\":\"WebSite\",\"@id\":\"https:\/\/www.citadinesconfluentnantes.com\/en\/#website\",\"url\":\"https:\/\/www.citadinesconfluentnantes.com\/en\/\",\"name\":\"Citadines Nantes\",\"description\":\"\",\"potentialAction\":[{\"@type\":\"SearchAction\",\"target\":{\"@type\":\"EntryPoint\",\"urlTemplate\":\"https:\/\/www.citadinesconfluentnantes.com\/en\/?s={search_term_string}\"},\"query-input\":{\"@type\":\"PropertyValueSpecification\",\"valueRequired\":true,\"valueName\":\"search_term_string\"}}],\"inLanguage\":\"en-US\"}]}<\/script>\n<!-- \/ Yoast SEO plugin. -->","yoast_head_json":{"title":"Visits to Nantes | Citadines Confluent Nantes Aparthotel","description":"Our aparthotel is perfect for tourism in Nantes. Visit the city and beyond while staying at the Citadines Confluent Nantes Aparthotel.","robots":{"index":"index","follow":"follow","max-snippet":"max-snippet:-1","max-image-preview":"max-image-preview:large","max-video-preview":"max-video-preview:-1"},"canonical":"https:\/\/www.citadinesconfluentnantes.com\/en\/nantes-destination\/","og_locale":"en_US","og_type":"article","og_title":"Visits to Nantes | Citadines Confluent Nantes Aparthotel","og_description":"Our aparthotel is perfect for tourism in Nantes. Visit the city and beyond while staying at the Citadines Confluent Nantes Aparthotel.","og_url":"https:\/\/www.citadinesconfluentnantes.com\/en\/nantes-destination\/","og_site_name":"Citadines Nantes","article_modified_time":"2023-05-26T07:59:34+00:00","twitter_card":"summary_large_image","twitter_misc":{"Est. reading time":"1 minute"},"schema":{"@context":"https:\/\/schema.org","@graph":[{"@type":"WebPage","@id":"https:\/\/www.citadinesconfluentnantes.com\/en\/nantes-destination\/","url":"https:\/\/www.citadinesconfluentnantes.com\/en\/nantes-destination\/","name":"Visits to Nantes | Citadines Confluent Nantes Aparthotel","isPartOf":{"@id":"https:\/\/www.citadinesconfluentnantes.com\/en\/#website"},"datePublished":"2023-05-26T07:52:17+00:00","dateModified":"2023-05-26T07:59:34+00:00","description":"Our aparthotel is perfect for tourism in Nantes. Visit the city and beyond while staying at the Citadines Confluent Nantes Aparthotel.","breadcrumb":{"@id":"https:\/\/www.citadinesconfluentnantes.com\/en\/nantes-destination\/#breadcrumb"},"inLanguage":"en-US","potentialAction":[{"@type":"ReadAction","target":["https:\/\/www.citadinesconfluentnantes.com\/en\/nantes-destination\/"]}]},{"@type":"BreadcrumbList","@id":"https:\/\/www.citadinesconfluentnantes.com\/en\/nantes-destination\/#breadcrumb","itemListElement":[{"@type":"ListItem","position":1,"name":"Accueil","item":"https:\/\/www.citadinesconfluentnantes.com\/en\/"},{"@type":"ListItem","position":2,"name":"Nantes destination"}]},{"@type":"WebSite","@id":"https:\/\/www.citadinesconfluentnantes.com\/en\/#website","url":"https:\/\/www.citadinesconfluentnantes.com\/en\/","name":"Citadines Nantes","description":"","potentialAction":[{"@type":"SearchAction","target":{"@type":"EntryPoint","urlTemplate":"https:\/\/www.citadinesconfluentnantes.com\/en\/?s={search_term_string}"},"query-input":{"@type":"PropertyValueSpecification","valueRequired":true,"valueName":"search_term_string"}}],"inLanguage":"en-US"}]}},"acf":[],"_links":{"self":[{"href":"https:\/\/www.citadinesconfluentnantes.com\/en\/wp-json\/wp\/v2\/pages\/209","targetHints":{"allow":["GET"]}}],"collection":[{"href":"https:\/\/www.citadinesconfluentnantes.com\/en\/wp-json\/wp\/v2\/pages"}],"about":[{"href":"https:\/\/www.citadinesconfluentnantes.com\/en\/wp-json\/wp\/v2\/types\/page"}],"author":[{"embeddable":true,"href":"https:\/\/www.citadinesconfluentnantes.com\/en\/wp-json\/wp\/v2\/users\/15"}],"replies":[{"embeddable":true,"href":"https:\/\/www.citadinesconfluentnantes.com\/en\/wp-json\/wp\/v2\/comments?post=209"}],"version-history":[{"count":0,"href":"https:\/\/www.citadinesconfluentnantes.com\/en\/wp-json\/wp\/v2\/pages\/209\/revisions"}],"wp:attachment":[{"href":"https:\/\/www.citadinesconfluentnantes.com\/en\/wp-json\/wp\/v2\/media?parent=209"}],"curies":[{"name":"wp","href":"https:\/\/api.w.org\/{rel}","templated":true}]}}