{"id":273,"date":"2024-01-08T13:13:08","date_gmt":"2024-01-08T12:13:08","guid":{"rendered":"https:\/\/www.citadinesconfluentnantes.com\/snacking\/"},"modified":"2024-01-08T16:06:20","modified_gmt":"2024-01-08T15:06:20","slug":"restauration","status":"publish","type":"page","link":"https:\/\/www.citadinesconfluentnantes.com\/en\/restauration\/","title":{"rendered":"Snacking"},"content":{"rendered":"<p><strong>Nos planches<br \/>\n<\/strong>Planche mixte 17,00\u20ac<br \/>\nPlanche de fromage 9,00\u20ac<br \/>\nPlanche de charcuterie 9,00\u20ac<\/p>\n<p><strong>Nos plats chauds \ud83c\udf72<br \/>\n<\/strong><em>Parmentier de canard<\/em><br \/>\n<em>(Le petit bocal d&#8217;Hubert) 330G 17,00\u20ac<br \/>\n<\/em>Tajine de poulet<br \/>\n<em>(Le petit bocal d&#8217;Hubert) 330G 16,00\u20ac<br \/>\n<\/em>Lasagnes \u00e0 la bolognais (300G) 11.00\u20ac<br \/>\nQuiche poulet \u00e0 l&#8217;Indienne (200G) 7.00\u20ac<br \/>\nQuiche Lorraine (200G) 6.00\u20ac<\/p>\n<p><strong>Nos plats v\u00e9g\u00e9tarien<\/strong>\ud83c\udf43<br \/>\nVelout\u00e9 de l\u00e9gumes BIO 5.00\u20ac<br \/>\nPanini<br \/>\n(Tomate, mozzarella, aubergine, courgette) 8.00\u20ac<br \/>\nLasagne \u00e0 la proven\u00e7ale (330G) 11.00\u20ac<\/p>\n<p><strong>Nos desserts \ud83c\udf70<br \/>\n<\/strong>Tartelette aux pommes 6.00\u20ac<br \/>\nBrownie au chocolat 5.00\u20ac<br \/>\nSalade de fruits 4.00\u20ac<br \/>\nYaourt (nature ou fruit\u00e9) 3.00\u20ac<\/p>\n<p><strong>Nos boissons<br \/>\n<\/strong>Badoit ou Evian 50cl: 3,50\u20ac 1l: 4,50\u20ac<br \/>\nPerrier, Coca Cola, Coca Cola z\u00e9ro 33cl 4.00\u20ac<br \/>\nPampryl orange, ice tea p\u00eache 25cl 3,50\u20ac<br \/>\nLimonade Phenix 25cl 3,50\u20ac<br \/>\nMenthe \u00e0 l&#8217;eau 25cl 3.00\u20ac<br \/>\nDiabolo menthe 25cl 4.00\u20ac<\/p>\n<p><strong>Bi\u00e8res locales artisanales (33cl) 6.50\u20ac \ud83c\udf7b<br \/>\n<\/strong>Nautile Pale Ale<strong><br \/>\n<\/strong><em>(Blonde, l\u00e9g\u00e8re amertume note de malts)<\/em><strong><br \/>\n<\/strong>Nautile IPA<strong><br \/>\n<\/strong><em>(Blonde l\u00e9g\u00e8re et fruit\u00e9es)<\/em><strong><br \/>\n<\/strong>Nautile white the fuck<strong><br \/>\n<\/strong><em>(Blanche l\u00e9g\u00e8re, caract\u00e8re fleuri)<br \/>\n<\/em><\/p>\n<p><strong>Pression<br \/>\n<\/strong>Affligem 25cl: 5.00\u20ac 50cl: 9.00\u20ac<br \/>\n<strong><br \/>\n<\/strong><strong>Bouteille 33cl<\/strong><br \/>\nHeineken 5.00\u20ac<\/p>\n<p><strong>Vins \ud83c\udf77<br \/>\n<\/strong>Vins Blancs<br \/>\nChablis AOC\u00a0 \u00a0 37,5CL 18.00\u20ac 75cl: 33.00\u20ac<br \/>\n(La Chablisienne finage)<\/p>\n<p>Muscadet AOC\u00a0 \u00a075cl: 22.00\u20ac<br \/>\n(S\u00e8vre et Maine Doneli\u00e8re)<\/p>\n<p>Vins rouges<br \/>\nHaut M\u00e9doc AOC 33,5cl: 20.00\u20ac<br \/>\n(Ch\u00e2teau Lieu Saint Jean Crubau)<\/p>\n<p>Chinon AOC 75cl: 22.00\u20ac<br \/>\n(Terroirs Rabelaisiens)<\/p>\n<p>Saint Emilion S&#8217;tard 75cl: 28.00\u20ac<br \/>\n(By Sautard 2017)<\/p>\n<p><strong>Champagne\ud83e\udd42<br \/>\n<\/strong>Pommery 75cl: 79.00\u20ac<\/p>\n<p><em>&#8220;L&#8217;abus d&#8217;alcool est dangereux pour la sant\u00e9, consommez avec mod\u00e9ration&#8221;\u00a0<\/em><\/p>\n","protected":false},"excerpt":{"rendered":"<p>Nos planches Planche mixte 17,00\u20ac Planche de fromage 9,00\u20ac Planche de charcuterie 9,00\u20ac Nos plats chauds \ud83c\udf72 Parmentier de canard (Le petit bocal d&#8217;Hubert) 330G 17,00\u20ac Tajine de poulet (Le petit bocal d&#8217;Hubert) 330G 16,00\u20ac Lasagnes \u00e0 la bolognais (300G) 11.00\u20ac Quiche poulet \u00e0 l&#8217;Indienne (200G) 7.00\u20ac Quiche Lorraine (200G) 6.00\u20ac Nos plats v\u00e9g\u00e9tarien\ud83c\udf43 Velout\u00e9 [&hellip;]<\/p>\n","protected":false},"author":622,"featured_media":0,"parent":0,"menu_order":0,"comment_status":"closed","ping_status":"closed","template":"","meta":{"footnotes":""},"class_list":["post-273","page","type-page","status-publish","hentry"],"yoast_head":"<!-- This site is optimized with the Yoast SEO plugin v26.9 - https:\/\/yoast.com\/product\/yoast-seo-wordpress\/ -->\n<title>Snacking - Citadines Nantes<\/title>\n<meta name=\"description\" content=\"Nos planches Planche mixte 17,00\u20ac Planche de fromage 9,00\u20ac Planche de charcuterie 9,00\u20ac Nos plats chauds \ud83c\udf72 Parmentier de canard (Le petit bocal d&#039;Hubert)\" \/>\n<meta name=\"robots\" content=\"index, follow, max-snippet:-1, max-image-preview:large, max-video-preview:-1\" \/>\n<link rel=\"canonical\" href=\"https:\/\/www.citadinesconfluentnantes.com\/en\/restauration\/\" \/>\n<meta property=\"og:locale\" content=\"en_US\" \/>\n<meta property=\"og:type\" content=\"article\" \/>\n<meta property=\"og:title\" content=\"Snacking - Citadines Nantes\" \/>\n<meta property=\"og:description\" content=\"Nos planches Planche mixte 17,00\u20ac Planche de fromage 9,00\u20ac Planche de charcuterie 9,00\u20ac Nos plats chauds \ud83c\udf72 Parmentier de canard (Le petit bocal d&#039;Hubert)\" \/>\n<meta property=\"og:url\" content=\"https:\/\/www.citadinesconfluentnantes.com\/en\/restauration\/\" \/>\n<meta property=\"og:site_name\" content=\"Citadines Nantes\" \/>\n<meta property=\"article:modified_time\" content=\"2024-01-08T15:06:20+00:00\" \/>\n<meta name=\"twitter:card\" content=\"summary_large_image\" \/>\n<meta name=\"twitter:label1\" content=\"Est. reading time\" \/>\n\t<meta name=\"twitter:data1\" content=\"1 minute\" \/>\n<script type=\"application\/ld+json\" class=\"yoast-schema-graph\">{\"@context\":\"https:\/\/schema.org\",\"@graph\":[{\"@type\":\"WebPage\",\"@id\":\"https:\/\/www.citadinesconfluentnantes.com\/en\/restauration\/\",\"url\":\"https:\/\/www.citadinesconfluentnantes.com\/en\/restauration\/\",\"name\":\"Snacking - Citadines Nantes\",\"isPartOf\":{\"@id\":\"https:\/\/www.citadinesconfluentnantes.com\/en\/#website\"},\"datePublished\":\"2024-01-08T12:13:08+00:00\",\"dateModified\":\"2024-01-08T15:06:20+00:00\",\"description\":\"Nos planches Planche mixte 17,00\u20ac Planche de fromage 9,00\u20ac Planche de charcuterie 9,00\u20ac Nos plats chauds \ud83c\udf72 Parmentier de canard (Le petit bocal d'Hubert)\",\"breadcrumb\":{\"@id\":\"https:\/\/www.citadinesconfluentnantes.com\/en\/restauration\/#breadcrumb\"},\"inLanguage\":\"en-US\",\"potentialAction\":[{\"@type\":\"ReadAction\",\"target\":[\"https:\/\/www.citadinesconfluentnantes.com\/en\/restauration\/\"]}]},{\"@type\":\"BreadcrumbList\",\"@id\":\"https:\/\/www.citadinesconfluentnantes.com\/en\/restauration\/#breadcrumb\",\"itemListElement\":[{\"@type\":\"ListItem\",\"position\":1,\"name\":\"Accueil\",\"item\":\"https:\/\/www.citadinesconfluentnantes.com\/en\/\"},{\"@type\":\"ListItem\",\"position\":2,\"name\":\"Snacking\"}]},{\"@type\":\"WebSite\",\"@id\":\"https:\/\/www.citadinesconfluentnantes.com\/en\/#website\",\"url\":\"https:\/\/www.citadinesconfluentnantes.com\/en\/\",\"name\":\"Citadines Nantes\",\"description\":\"\",\"potentialAction\":[{\"@type\":\"SearchAction\",\"target\":{\"@type\":\"EntryPoint\",\"urlTemplate\":\"https:\/\/www.citadinesconfluentnantes.com\/en\/?s={search_term_string}\"},\"query-input\":{\"@type\":\"PropertyValueSpecification\",\"valueRequired\":true,\"valueName\":\"search_term_string\"}}],\"inLanguage\":\"en-US\"}]}<\/script>\n<!-- \/ Yoast SEO plugin. -->","yoast_head_json":{"title":"Snacking - Citadines Nantes","description":"Nos planches Planche mixte 17,00\u20ac Planche de fromage 9,00\u20ac Planche de charcuterie 9,00\u20ac Nos plats chauds \ud83c\udf72 Parmentier de canard (Le petit bocal d'Hubert)","robots":{"index":"index","follow":"follow","max-snippet":"max-snippet:-1","max-image-preview":"max-image-preview:large","max-video-preview":"max-video-preview:-1"},"canonical":"https:\/\/www.citadinesconfluentnantes.com\/en\/restauration\/","og_locale":"en_US","og_type":"article","og_title":"Snacking - Citadines Nantes","og_description":"Nos planches Planche mixte 17,00\u20ac Planche de fromage 9,00\u20ac Planche de charcuterie 9,00\u20ac Nos plats chauds \ud83c\udf72 Parmentier de canard (Le petit bocal d'Hubert)","og_url":"https:\/\/www.citadinesconfluentnantes.com\/en\/restauration\/","og_site_name":"Citadines Nantes","article_modified_time":"2024-01-08T15:06:20+00:00","twitter_card":"summary_large_image","twitter_misc":{"Est. reading time":"1 minute"},"schema":{"@context":"https:\/\/schema.org","@graph":[{"@type":"WebPage","@id":"https:\/\/www.citadinesconfluentnantes.com\/en\/restauration\/","url":"https:\/\/www.citadinesconfluentnantes.com\/en\/restauration\/","name":"Snacking - Citadines Nantes","isPartOf":{"@id":"https:\/\/www.citadinesconfluentnantes.com\/en\/#website"},"datePublished":"2024-01-08T12:13:08+00:00","dateModified":"2024-01-08T15:06:20+00:00","description":"Nos planches Planche mixte 17,00\u20ac Planche de fromage 9,00\u20ac Planche de charcuterie 9,00\u20ac Nos plats chauds \ud83c\udf72 Parmentier de canard (Le petit bocal d'Hubert)","breadcrumb":{"@id":"https:\/\/www.citadinesconfluentnantes.com\/en\/restauration\/#breadcrumb"},"inLanguage":"en-US","potentialAction":[{"@type":"ReadAction","target":["https:\/\/www.citadinesconfluentnantes.com\/en\/restauration\/"]}]},{"@type":"BreadcrumbList","@id":"https:\/\/www.citadinesconfluentnantes.com\/en\/restauration\/#breadcrumb","itemListElement":[{"@type":"ListItem","position":1,"name":"Accueil","item":"https:\/\/www.citadinesconfluentnantes.com\/en\/"},{"@type":"ListItem","position":2,"name":"Snacking"}]},{"@type":"WebSite","@id":"https:\/\/www.citadinesconfluentnantes.com\/en\/#website","url":"https:\/\/www.citadinesconfluentnantes.com\/en\/","name":"Citadines Nantes","description":"","potentialAction":[{"@type":"SearchAction","target":{"@type":"EntryPoint","urlTemplate":"https:\/\/www.citadinesconfluentnantes.com\/en\/?s={search_term_string}"},"query-input":{"@type":"PropertyValueSpecification","valueRequired":true,"valueName":"search_term_string"}}],"inLanguage":"en-US"}]}},"acf":[],"_links":{"self":[{"href":"https:\/\/www.citadinesconfluentnantes.com\/en\/wp-json\/wp\/v2\/pages\/273","targetHints":{"allow":["GET"]}}],"collection":[{"href":"https:\/\/www.citadinesconfluentnantes.com\/en\/wp-json\/wp\/v2\/pages"}],"about":[{"href":"https:\/\/www.citadinesconfluentnantes.com\/en\/wp-json\/wp\/v2\/types\/page"}],"author":[{"embeddable":true,"href":"https:\/\/www.citadinesconfluentnantes.com\/en\/wp-json\/wp\/v2\/users\/622"}],"replies":[{"embeddable":true,"href":"https:\/\/www.citadinesconfluentnantes.com\/en\/wp-json\/wp\/v2\/comments?post=273"}],"version-history":[{"count":0,"href":"https:\/\/www.citadinesconfluentnantes.com\/en\/wp-json\/wp\/v2\/pages\/273\/revisions"}],"wp:attachment":[{"href":"https:\/\/www.citadinesconfluentnantes.com\/en\/wp-json\/wp\/v2\/media?parent=273"}],"curies":[{"name":"wp","href":"https:\/\/api.w.org\/{rel}","templated":true}]}}